{"id":259,"date":"2011-12-20T12:42:26","date_gmt":"2011-12-20T12:42:26","guid":{"rendered":"http:\/\/teufel-bhkw.de\/wordpress\/?page_id=259"},"modified":"2022-12-21T11:53:15","modified_gmt":"2022-12-21T11:53:15","slug":"kontakt","status":"publish","type":"page","link":"http:\/\/teufel-bhkw.de\/wordpress\/?page_id=259","title":{"rendered":"Kontakt"},"content":{"rendered":"<h1><span style=\"font-size: medium;\"><strong>Seiler Geb\u00e4udetechnik<br \/>\n<\/strong><\/span><\/h1>\n<p><span style=\"font-size: medium;\"><strong>J\u00f6rn Seiler<\/strong><\/span><\/p>\n<p><strong>Wetzdorf 4a<\/strong><\/p>\n<p><strong>07619 Schk\u00f6len<\/strong><\/p>\n<p><strong><span style=\"font-size: medium;\">Tel:\u00a0 0171 701 35 68<\/span><\/strong><\/p>\n<p><span style=\"font-size: medium;\"><strong>Mail:\u00a0 seiler.bhkw@gmx.de<\/strong><\/span><\/p>\n<p><span style=\"font-size: medium;\"><strong>USt-IdNr.\u00a0 DE 162 \/ 274 \/ 20085<br \/>\n<\/strong><\/span><\/p>\n","protected":false},"excerpt":{"rendered":"<p>Seiler Geb\u00e4udetechnik J\u00f6rn Seiler Wetzdorf 4a 07619 Schk\u00f6len Tel:\u00a0 0171 701 35 68 Mail:\u00a0 seiler.bhkw@gmx.de USt-IdNr.\u00a0 DE 162 \/ 274 \/ 20085<\/p>\n","protected":false},"author":1,"featured_media":0,"parent":0,"menu_order":0,"comment_status":"open","ping_status":"open","template":"","meta":[],"_links":{"self":[{"href":"http:\/\/teufel-bhkw.de\/wordpress\/index.php?rest_route=\/wp\/v2\/pages\/259"}],"collection":[{"href":"http:\/\/teufel-bhkw.de\/wordpress\/index.php?rest_route=\/wp\/v2\/pages"}],"about":[{"href":"http:\/\/teufel-bhkw.de\/wordpress\/index.php?rest_route=\/wp\/v2\/types\/page"}],"author":[{"embeddable":true,"href":"http:\/\/teufel-bhkw.de\/wordpress\/index.php?rest_route=\/wp\/v2\/users\/1"}],"replies":[{"embeddable":true,"href":"http:\/\/teufel-bhkw.de\/wordpress\/index.php?rest_route=%2Fwp%2Fv2%2Fcomments&post=259"}],"version-history":[{"count":17,"href":"http:\/\/teufel-bhkw.de\/wordpress\/index.php?rest_route=\/wp\/v2\/pages\/259\/revisions"}],"predecessor-version":[{"id":1317,"href":"http:\/\/teufel-bhkw.de\/wordpress\/index.php?rest_route=\/wp\/v2\/pages\/259\/revisions\/1317"}],"wp:attachment":[{"href":"http:\/\/teufel-bhkw.de\/wordpress\/index.php?rest_route=%2Fwp%2Fv2%2Fmedia&parent=259"}],"curies":[{"name":"wp","href":"https:\/\/api.w.org\/{rel}","templated":true}]}}