{"id":56,"date":"2013-09-03T16:30:46","date_gmt":"2013-09-03T16:30:46","guid":{"rendered":"http:\/\/teufel-bhkw.de\/wordpress\/?page_id=56"},"modified":"2022-12-21T11:22:39","modified_gmt":"2022-12-21T11:22:39","slug":"aktuelle-infos","status":"publish","type":"page","link":"http:\/\/teufel-bhkw.de\/wordpress\/?page_id=56","title":{"rendered":"aktuelle Infos"},"content":{"rendered":"<h2><span style=\"font-size: large;\">Information zum Kabelfernsehen\u00a0\u00a0\u00a0\u00a0\u00a0\u00a0\u00a0\u00a0\u00a0\u00a0\u00a0\u00a0\u00a0\u00a0\u00a0\u00a0\u00a0\u00a0\u00a0\u00a0\u00a0\u00a0\u00a0\u00a0\u00a0\u00a0\u00a0\u00a0\u00a0\u00a0<strong>\u00a0 Stand: 1.12.2022<\/strong><\/span><\/h2>\n<p><span style=\"font-size: 16px;\">Meinungen\u00a0oder Anmeldungen zum Programmangebot unter:\u00a0\u00a0\u00a0\u00a0\u00a0 <strong><a href=\"mailto:seiler.antenne@gmx.de\">seiler.bhkw@gmx.de<\/a><\/strong><\/span><\/p>\n<p><span style=\"font-size: medium;\"><span style=\"font-size: medium;\"><strong><u>Arbeiten am Kabelfernsehen:\u00a0<\/u><\/strong><\/span><\/span><\/p>\n<p><span style=\"font-size: 16px;\">Keine Bauma\u00dfnahmen zur Zeit vorgesehen.<\/span><\/p>\n<p><span style=\"font-size: 16px;\">Ausf\u00e4lle oder St\u00f6rungen nach 14 Uhr bitte an\u00a0 &#8211;&gt; <span style=\"font-size: 18px;\"><strong>Tel: 0171 701 35 68<\/strong><\/span><\/span><\/p>\n<p><span style=\"font-size: medium;\"><strong><u>Eine Bemerkung in eigener Sache:<\/u><\/strong><\/span><\/p>\n<p><span style=\"font-size: medium;\">Die technische Entwicklung im Digital-Fernsehen ist abgeschlossen. <\/span><\/p>\n<p><span style=\"font-size: medium;\">Es erfolgt nur noch die Abschaltung aller SD-Programme. Alle \u00f6ffentliche Sender kommen in HD-Qualit\u00e4t.<\/span><\/p>\n<p>.<\/p>\n","protected":false},"excerpt":{"rendered":"<p>Information zum Kabelfernsehen\u00a0\u00a0\u00a0\u00a0\u00a0\u00a0\u00a0\u00a0\u00a0\u00a0\u00a0\u00a0\u00a0\u00a0\u00a0\u00a0\u00a0\u00a0\u00a0\u00a0\u00a0\u00a0\u00a0\u00a0\u00a0\u00a0\u00a0\u00a0\u00a0\u00a0\u00a0 Stand: 1.12.2022 Meinungen\u00a0oder Anmeldungen zum Programmangebot unter:\u00a0\u00a0\u00a0\u00a0\u00a0 seiler.bhkw@gmx.de Arbeiten am Kabelfernsehen:\u00a0 Keine Bauma\u00dfnahmen zur Zeit vorgesehen. Ausf\u00e4lle oder St\u00f6rungen nach 14 Uhr bitte an\u00a0 &#8211;&gt; Tel: 0171 701 35 68 Eine Bemerkung in eigener Sache: Die technische Entwicklung im Digital-Fernsehen ist abgeschlossen. Es erfolgt nur noch die Abschaltung aller SD-Programme. Alle \u00f6ffentliche [&hellip;]<\/p>\n","protected":false},"author":1,"featured_media":0,"parent":0,"menu_order":0,"comment_status":"open","ping_status":"open","template":"","meta":[],"_links":{"self":[{"href":"http:\/\/teufel-bhkw.de\/wordpress\/index.php?rest_route=\/wp\/v2\/pages\/56"}],"collection":[{"href":"http:\/\/teufel-bhkw.de\/wordpress\/index.php?rest_route=\/wp\/v2\/pages"}],"about":[{"href":"http:\/\/teufel-bhkw.de\/wordpress\/index.php?rest_route=\/wp\/v2\/types\/page"}],"author":[{"embeddable":true,"href":"http:\/\/teufel-bhkw.de\/wordpress\/index.php?rest_route=\/wp\/v2\/users\/1"}],"replies":[{"embeddable":true,"href":"http:\/\/teufel-bhkw.de\/wordpress\/index.php?rest_route=%2Fwp%2Fv2%2Fcomments&post=56"}],"version-history":[{"count":66,"href":"http:\/\/teufel-bhkw.de\/wordpress\/index.php?rest_route=\/wp\/v2\/pages\/56\/revisions"}],"predecessor-version":[{"id":1309,"href":"http:\/\/teufel-bhkw.de\/wordpress\/index.php?rest_route=\/wp\/v2\/pages\/56\/revisions\/1309"}],"wp:attachment":[{"href":"http:\/\/teufel-bhkw.de\/wordpress\/index.php?rest_route=%2Fwp%2Fv2%2Fmedia&parent=56"}],"curies":[{"name":"wp","href":"https:\/\/api.w.org\/{rel}","templated":true}]}}